{"id":987499009,"date":"2022-09-22T11:58:20","date_gmt":"2022-09-22T11:58:20","guid":{"rendered":"https:\/\/jaboneselabra.com\/producto\/abra-clor\/"},"modified":"2023-06-20T11:42:17","modified_gmt":"2023-06-20T11:42:17","slug":"abra-clor","status":"publish","type":"product","link":"https:\/\/jaboneselabra.com\/fr\/producto\/abra-clor\/","title":{"rendered":"Abra Clor"},"content":{"rendered":"<p>[et_pb_section fb_built=\u00a0\u00bb1&Prime; _builder_version=\u00a0\u00bb4.16&Prime; custom_padding=\u00a0\u00bb0px||||false|false\u00a0\u00bb global_colors_info=\u00a0\u00bb{}\u00a0\u00bb][et_pb_row _builder_version=\u00a0\u00bb4.16&Prime; background_size=\u00a0\u00bbinitial\u00a0\u00bb background_position=\u00a0\u00bbtop_left\u00a0\u00bb background_repeat=\u00a0\u00bbrepeat\u00a0\u00bb width=\u00a0\u00bb100%\u00a0\u00bb custom_padding=\u00a0\u00bb0px||0px||false|false\u00a0\u00bb global_colors_info=\u00a0\u00bb{}\u00a0\u00bb][et_pb_column type=\u00a0\u00bb4_4&Prime; _builder_version=\u00a0\u00bb4.16&Prime; custom_padding=\u00a0\u00bb|||\u00a0\u00bb global_colors_info=\u00a0\u00bb{}\u00a0\u00bb custom_padding__hover=\u00a0\u00bb|||\u00a0\u00bb][et_pb_wc_breadcrumb _builder_version=\u00a0\u00bb4.16&Prime; global_colors_info=\u00a0\u00bb{}\u00a0\u00bb][\/et_pb_wc_breadcrumb][et_pb_wc_cart_notice _builder_version=\u00a0\u00bb4.16&Prime; global_colors_info=\u00a0\u00bb{}\u00a0\u00bb][\/et_pb_wc_cart_notice][\/et_pb_column][\/et_pb_row][et_pb_row column_structure=\u00a0\u00bb1_2,1_2&Prime; _builder_version=\u00a0\u00bb4.16&Prime; background_size=\u00a0\u00bbinitial\u00a0\u00bb background_position=\u00a0\u00bbtop_left\u00a0\u00bb background_repeat=\u00a0\u00bbrepeat\u00a0\u00bb width=\u00a0\u00bb100%\u00a0\u00bb custom_padding=\u00a0\u00bb0px||||false|false\u00a0\u00bb global_colors_info=\u00a0\u00bb{}\u00a0\u00bb][et_pb_column type=\u00a0\u00bb1_2&Prime; _builder_version=\u00a0\u00bb4.16&Prime; custom_padding=\u00a0\u00bb|||\u00a0\u00bb global_colors_info=\u00a0\u00bb{}\u00a0\u00bb custom_padding__hover=\u00a0\u00bb|||\u00a0\u00bb][et_pb_wc_images _builder_version=\u00a0\u00bb4.16&Prime; global_colors_info=\u00a0\u00bb{}\u00a0\u00bb][\/et_pb_wc_images][\/et_pb_column][et_pb_column type=\u00a0\u00bb1_2&Prime; _builder_version=\u00a0\u00bb4.16&Prime; custom_padding=\u00a0\u00bb|||\u00a0\u00bb global_colors_info=\u00a0\u00bb{}\u00a0\u00bb custom_padding__hover=\u00a0\u00bb|||\u00a0\u00bb][et_pb_wc_title _builder_version=\u00a0\u00bb4.16&Prime; global_colors_info=\u00a0\u00bb{}\u00a0\u00bb][\/et_pb_wc_title][et_pb_wc_rating _builder_version=\u00a0\u00bb4.16&Prime; global_colors_info=\u00a0\u00bb{}\u00a0\u00bb][\/et_pb_wc_rating][et_pb_wc_price _builder_version=\u00a0\u00bb4.16&Prime; global_colors_info=\u00a0\u00bb{}\u00a0\u00bb][\/et_pb_wc_price][et_pb_wc_description _builder_version=\u00a0\u00bb4.16&Prime; global_colors_info=\u00a0\u00bb{}\u00a0\u00bb][\/et_pb_wc_description][et_pb_wc_add_to_cart _builder_version=\u00a0\u00bb4.16&Prime; global_colors_info=\u00a0\u00bb{}\u00a0\u00bb][\/et_pb_wc_add_to_cart][et_pb_wc_meta _builder_version=\u00a0\u00bb4.16&Prime; global_colors_info=\u00a0\u00bb{}\u00a0\u00bb][\/et_pb_wc_meta][\/et_pb_column][\/et_pb_row][et_pb_row column_structure=\u00a0\u00bb1_2,1_2&Prime; _builder_version=\u00a0\u00bb4.16&Prime; background_size=\u00a0\u00bbinitial\u00a0\u00bb background_position=\u00a0\u00bbtop_left\u00a0\u00bb background_repeat=\u00a0\u00bbrepeat\u00a0\u00bb width=\u00a0\u00bb100%\u00a0\u00bb custom_padding=\u00a0\u00bb0px||||false|false\u00a0\u00bb global_colors_info=\u00a0\u00bb{}\u00a0\u00bb][et_pb_column type=\u00a0\u00bb1_2&Prime; _builder_version=\u00a0\u00bb4.16&Prime; custom_padding=\u00a0\u00bb|||\u00a0\u00bb global_colors_info=\u00a0\u00bb{}\u00a0\u00bb custom_padding__hover=\u00a0\u00bb|||\u00a0\u00bb][et_pb_wc_images _builder_version=\u00a0\u00bb4.16&Prime; global_colors_info=\u00a0\u00bb{}\u00a0\u00bb][\/et_pb_wc_images][\/et_pb_column][et_pb_column type=\u00a0\u00bb1_2&Prime; _builder_version=\u00a0\u00bb4.16&Prime; custom_padding=\u00a0\u00bb|||\u00a0\u00bb global_colors_info=\u00a0\u00bb{}\u00a0\u00bb custom_padding__hover=\u00a0\u00bb|||\u00a0\u00bb][et_pb_wc_title _builder_version=\u00a0\u00bb4.16&Prime; global_colors_info=\u00a0\u00bb{}\u00a0\u00bb][\/et_pb_wc_title][et_pb_wc_rating _builder_version=\u00a0\u00bb4.16&Prime; global_colors_info=\u00a0\u00bb{}\u00a0\u00bb][\/et_pb_wc_rating][et_pb_wc_price _builder_version=\u00a0\u00bb4.16&Prime; global_colors_info=\u00a0\u00bb{}\u00a0\u00bb][\/et_pb_wc_price][et_pb_wc_description _builder_version=\u00a0\u00bb4.16&Prime; global_colors_info=\u00a0\u00bb{}\u00a0\u00bb][\/et_pb_wc_description][et_pb_wc_add_to_cart _builder_version=\u00a0\u00bb4.16&Prime; global_colors_info=\u00a0\u00bb{}\u00a0\u00bb][\/et_pb_wc_add_to_cart][et_pb_wc_meta _builder_version=\u00a0\u00bb4.16&Prime; global_colors_info=\u00a0\u00bb{}\u00a0\u00bb][\/et_pb_wc_meta][\/et_pb_column][\/et_pb_row][et_pb_row _builder_version=\u00a0\u00bb4.16&Prime; background_size=\u00a0\u00bbinitial\u00a0\u00bb background_position=\u00a0\u00bbtop_left\u00a0\u00bb background_repeat=\u00a0\u00bbrepeat\u00a0\u00bb width=\u00a0\u00bb100%\u00a0\u00bb global_colors_info=\u00a0\u00bb{}\u00a0\u00bb][et_pb_column type=\u00a0\u00bb4_4&Prime; _builder_version=\u00a0\u00bb4.16&Prime; custom_padding=\u00a0\u00bb|||\u00a0\u00bb global_colors_info=\u00a0\u00bb{}\u00a0\u00bb custom_padding__hover=\u00a0\u00bb|||\u00a0\u00bb][et_pb_wc_tabs _builder_version=\u00a0\u00bb4.16&Prime; global_colors_info=\u00a0\u00bb{}\u00a0\u00bb] [\/et_pb_wc_tabs][et_pb_wc_upsells _builder_version=\u00a0\u00bb4.16&Prime; global_colors_info=\u00a0\u00bb{}\u00a0\u00bb][\/et_pb_wc_upsells][et_pb_wc_related_products _builder_version=\u00a0\u00bb4.16&Prime; global_colors_info=\u00a0\u00bb{}\u00a0\u00bb][\/et_pb_wc_related_products][\/et_pb_column][\/et_pb_row][\/et_pb_section]<\/p>\n","protected":false},"excerpt":{"rendered":"<h2><strong>Agent de blanchissement au chlore liquide<\/strong><\/h2>\n<ul>\n<li class=\"p1\">Produit formul\u00e9 pour \u00eatre utilis\u00e9 dans tous les types de duret\u00e9 de l&rsquo;eau. Produit sous forme liquide.\n<\/li>\n<li class=\"p1\">Ne Produit pour la d\u00e9sinfection et le d\u00e9tachage des v\u00eatements blancs.\n<\/li>\n<li class=\"p1\">D\u00e9tergent adapt\u00e9 au lavage \u00e0 temp\u00e9rature moyenne (35\/50\u00ba).\n<\/li>\n<li class=\"p1\"> Pas utiliser avec de l&rsquo;ammoniac ou des produits acides. Dosage automatique <\/li>\n<\/ul>\n<p class=\"p2\"><strong>COMPOSITION:<\/strong><\/p>\n<ul>\n<li class=\"p1\"> Hypochlorite de sodium de 150 gr.\/chlore\/litre. <\/li>\n<\/ul>\n<p class=\"p2\"><strong>DOSAGE:<\/strong><\/p>\n<ul>\n<li class=\"p1\"> Dosage de 1 \u00e0 3 gr.\/chlore\/kg. v\u00eatements, selon leur degr\u00e9 de salissure. <\/li>\n<\/ul>\n<p class=\"p2\"><strong>CONDITIONNEMENT:<\/strong><\/p>\n<ul>\n<li class=\"p1\">Bidon de 25 kg<\/li>\n<li class=\"p1\"> Conserver dans l&#8217;emballage d&rsquo;origine. <\/li>\n<li class=\"p1\"> Conserver dans un endroit \u00e0 l&rsquo;abri du soleil. <\/li>\n<\/ul>\n","protected":false},"featured_media":987498306,"comment_status":"closed","ping_status":"closed","template":"","meta":{"_et_pb_use_builder":"on","_et_pb_old_content":"<strong style=\"font-size: 18px;color: #41a2ba\">PRODUCTOS RELACIONADOS:<\/strong>\r\n[products ids=\"987496089, 987496100, 987497270\"]","_et_gb_content_width":""},"product_brand":[],"product_cat":[115,105,107],"product_tag":[111],"class_list":{"0":"post-987499009","1":"product","2":"type-product","3":"status-publish","4":"has-post-thumbnail","6":"product_cat-blanchisserie","7":"product_cat-hopitaux","8":"product_cat-residences","9":"product_tag-textile-liquide","10":"pa_formato-de-venta-25-l-fr","12":"first","13":"instock","14":"taxable","15":"shipping-taxable","16":"product-type-simple"},"yoast_head":"<!-- This site is optimized with the Yoast SEO plugin v27.5 - https:\/\/yoast.com\/product\/yoast-seo-wordpress\/ -->\n<title>Abra Clor - El Abra<\/title>\n<meta name=\"robots\" content=\"index, follow, max-snippet:-1, max-image-preview:large, max-video-preview:-1\" \/>\n<link rel=\"canonical\" href=\"https:\/\/jaboneselabra.com\/fr\/producto\/abra-clor\/\" \/>\n<meta property=\"og:locale\" content=\"fr_FR\" \/>\n<meta property=\"og:type\" content=\"article\" \/>\n<meta property=\"og:title\" content=\"Abra Clor - El Abra\" \/>\n<meta property=\"og:description\" content=\"Agent de blanchissement au chlore liquide   Produit formul\u00e9 pour \u00eatre utilis\u00e9 dans tous les types de duret\u00e9 de l&#039;eau. Produit sous forme liquide.   Ne Produit pour la d\u00e9sinfection et le d\u00e9tachage des v\u00eatements blancs.   D\u00e9tergent adapt\u00e9 au lavage \u00e0 temp\u00e9rature moyenne (35\/50\u00ba).    Pas utiliser avec de l&#039;ammoniac ou des produits acides. Dosage automatique   COMPOSITION:     Hypochlorite de sodium de 150 gr.\/chlore\/litre.   DOSAGE:     Dosage de 1 \u00e0 3 gr.\/chlore\/kg. v\u00eatements, selon leur degr\u00e9 de salissure.   CONDITIONNEMENT:    Bidon de 25 kg   Conserver dans l&#039;emballage d&#039;origine.   Conserver dans un endroit \u00e0 l&#039;abri du soleil.\" \/>\n<meta property=\"og:url\" content=\"https:\/\/jaboneselabra.com\/fr\/producto\/abra-clor\/\" \/>\n<meta property=\"og:site_name\" content=\"El Abra\" \/>\n<meta property=\"article:modified_time\" content=\"2023-06-20T11:42:17+00:00\" \/>\n<meta property=\"og:image\" content=\"https:\/\/jaboneselabra.com\/wp-content\/uploads\/2022\/09\/Abra-Clor-25kg.jpg\" \/>\n\t<meta property=\"og:image:width\" content=\"600\" \/>\n\t<meta property=\"og:image:height\" content=\"600\" \/>\n\t<meta property=\"og:image:type\" content=\"image\/jpeg\" \/>\n<meta name=\"twitter:card\" content=\"summary_large_image\" \/>\n<meta name=\"twitter:label1\" content=\"Dur\u00e9e de lecture estim\u00e9e\" \/>\n\t<meta name=\"twitter:data1\" content=\"1 minute\" \/>\n<script type=\"application\/ld+json\" class=\"yoast-schema-graph\">{\"@context\":\"https:\\\/\\\/schema.org\",\"@graph\":[{\"@type\":\"WebPage\",\"@id\":\"https:\\\/\\\/jaboneselabra.com\\\/fr\\\/producto\\\/abra-clor\\\/\",\"url\":\"https:\\\/\\\/jaboneselabra.com\\\/fr\\\/producto\\\/abra-clor\\\/\",\"name\":\"Abra Clor - El Abra\",\"isPartOf\":{\"@id\":\"https:\\\/\\\/jaboneselabra.com\\\/fr\\\/#website\"},\"primaryImageOfPage\":{\"@id\":\"https:\\\/\\\/jaboneselabra.com\\\/fr\\\/producto\\\/abra-clor\\\/#primaryimage\"},\"image\":{\"@id\":\"https:\\\/\\\/jaboneselabra.com\\\/fr\\\/producto\\\/abra-clor\\\/#primaryimage\"},\"thumbnailUrl\":\"https:\\\/\\\/jaboneselabra.com\\\/wp-content\\\/uploads\\\/2022\\\/09\\\/Abra-Clor-25kg.jpg\",\"datePublished\":\"2022-09-22T11:58:20+00:00\",\"dateModified\":\"2023-06-20T11:42:17+00:00\",\"breadcrumb\":{\"@id\":\"https:\\\/\\\/jaboneselabra.com\\\/fr\\\/producto\\\/abra-clor\\\/#breadcrumb\"},\"inLanguage\":\"fr-FR\",\"potentialAction\":[{\"@type\":\"ReadAction\",\"target\":[\"https:\\\/\\\/jaboneselabra.com\\\/fr\\\/producto\\\/abra-clor\\\/\"]}]},{\"@type\":\"ImageObject\",\"inLanguage\":\"fr-FR\",\"@id\":\"https:\\\/\\\/jaboneselabra.com\\\/fr\\\/producto\\\/abra-clor\\\/#primaryimage\",\"url\":\"https:\\\/\\\/jaboneselabra.com\\\/wp-content\\\/uploads\\\/2022\\\/09\\\/Abra-Clor-25kg.jpg\",\"contentUrl\":\"https:\\\/\\\/jaboneselabra.com\\\/wp-content\\\/uploads\\\/2022\\\/09\\\/Abra-Clor-25kg.jpg\",\"width\":600,\"height\":600},{\"@type\":\"BreadcrumbList\",\"@id\":\"https:\\\/\\\/jaboneselabra.com\\\/fr\\\/producto\\\/abra-clor\\\/#breadcrumb\",\"itemListElement\":[{\"@type\":\"ListItem\",\"position\":1,\"name\":\"Portada\",\"item\":\"https:\\\/\\\/jaboneselabra.com\\\/fr\\\/\"},{\"@type\":\"ListItem\",\"position\":2,\"name\":\"Boutique\",\"item\":\"https:\\\/\\\/jaboneselabra.com\\\/fr\\\/boutique\\\/\"},{\"@type\":\"ListItem\",\"position\":3,\"name\":\"Abra Clor\"}]},{\"@type\":\"WebSite\",\"@id\":\"https:\\\/\\\/jaboneselabra.com\\\/fr\\\/#website\",\"url\":\"https:\\\/\\\/jaboneselabra.com\\\/fr\\\/\",\"name\":\"Jabones El Abra\",\"description\":\"Jabones Industriales\",\"publisher\":{\"@id\":\"https:\\\/\\\/jaboneselabra.com\\\/fr\\\/#organization\"},\"potentialAction\":[{\"@type\":\"SearchAction\",\"target\":{\"@type\":\"EntryPoint\",\"urlTemplate\":\"https:\\\/\\\/jaboneselabra.com\\\/fr\\\/?s={search_term_string}\"},\"query-input\":{\"@type\":\"PropertyValueSpecification\",\"valueRequired\":true,\"valueName\":\"search_term_string\"}}],\"inLanguage\":\"fr-FR\"},{\"@type\":\"Organization\",\"@id\":\"https:\\\/\\\/jaboneselabra.com\\\/fr\\\/#organization\",\"name\":\"El Abra\",\"url\":\"https:\\\/\\\/jaboneselabra.com\\\/fr\\\/\",\"logo\":{\"@type\":\"ImageObject\",\"inLanguage\":\"fr-FR\",\"@id\":\"https:\\\/\\\/jaboneselabra.com\\\/fr\\\/#\\\/schema\\\/logo\\\/image\\\/\",\"url\":\"https:\\\/\\\/jaboneselabra.com\\\/wp-content\\\/uploads\\\/2022\\\/09\\\/El-Abra-logo.png\",\"contentUrl\":\"https:\\\/\\\/jaboneselabra.com\\\/wp-content\\\/uploads\\\/2022\\\/09\\\/El-Abra-logo.png\",\"width\":576,\"height\":205,\"caption\":\"El Abra\"},\"image\":{\"@id\":\"https:\\\/\\\/jaboneselabra.com\\\/fr\\\/#\\\/schema\\\/logo\\\/image\\\/\"},\"sameAs\":[\"https:\\\/\\\/www.linkedin.com\\\/company\\\/jabones-el-abra\\\/\"]}]}<\/script>\n<!-- \/ Yoast SEO plugin. -->","yoast_head_json":{"title":"Abra Clor - El Abra","robots":{"index":"index","follow":"follow","max-snippet":"max-snippet:-1","max-image-preview":"max-image-preview:large","max-video-preview":"max-video-preview:-1"},"canonical":"https:\/\/jaboneselabra.com\/fr\/producto\/abra-clor\/","og_locale":"fr_FR","og_type":"article","og_title":"Abra Clor - El Abra","og_description":"Agent de blanchissement au chlore liquide   Produit formul\u00e9 pour \u00eatre utilis\u00e9 dans tous les types de duret\u00e9 de l'eau. Produit sous forme liquide.   Ne Produit pour la d\u00e9sinfection et le d\u00e9tachage des v\u00eatements blancs.   D\u00e9tergent adapt\u00e9 au lavage \u00e0 temp\u00e9rature moyenne (35\/50\u00ba).    Pas utiliser avec de l'ammoniac ou des produits acides. Dosage automatique   COMPOSITION:     Hypochlorite de sodium de 150 gr.\/chlore\/litre.   DOSAGE:     Dosage de 1 \u00e0 3 gr.\/chlore\/kg. v\u00eatements, selon leur degr\u00e9 de salissure.   CONDITIONNEMENT:    Bidon de 25 kg   Conserver dans l'emballage d'origine.   Conserver dans un endroit \u00e0 l'abri du soleil.","og_url":"https:\/\/jaboneselabra.com\/fr\/producto\/abra-clor\/","og_site_name":"El Abra","article_modified_time":"2023-06-20T11:42:17+00:00","og_image":[{"width":600,"height":600,"url":"https:\/\/jaboneselabra.com\/wp-content\/uploads\/2022\/09\/Abra-Clor-25kg.jpg","type":"image\/jpeg"}],"twitter_card":"summary_large_image","twitter_misc":{"Dur\u00e9e de lecture estim\u00e9e":"1 minute"},"schema":{"@context":"https:\/\/schema.org","@graph":[{"@type":"WebPage","@id":"https:\/\/jaboneselabra.com\/fr\/producto\/abra-clor\/","url":"https:\/\/jaboneselabra.com\/fr\/producto\/abra-clor\/","name":"Abra Clor - El Abra","isPartOf":{"@id":"https:\/\/jaboneselabra.com\/fr\/#website"},"primaryImageOfPage":{"@id":"https:\/\/jaboneselabra.com\/fr\/producto\/abra-clor\/#primaryimage"},"image":{"@id":"https:\/\/jaboneselabra.com\/fr\/producto\/abra-clor\/#primaryimage"},"thumbnailUrl":"https:\/\/jaboneselabra.com\/wp-content\/uploads\/2022\/09\/Abra-Clor-25kg.jpg","datePublished":"2022-09-22T11:58:20+00:00","dateModified":"2023-06-20T11:42:17+00:00","breadcrumb":{"@id":"https:\/\/jaboneselabra.com\/fr\/producto\/abra-clor\/#breadcrumb"},"inLanguage":"fr-FR","potentialAction":[{"@type":"ReadAction","target":["https:\/\/jaboneselabra.com\/fr\/producto\/abra-clor\/"]}]},{"@type":"ImageObject","inLanguage":"fr-FR","@id":"https:\/\/jaboneselabra.com\/fr\/producto\/abra-clor\/#primaryimage","url":"https:\/\/jaboneselabra.com\/wp-content\/uploads\/2022\/09\/Abra-Clor-25kg.jpg","contentUrl":"https:\/\/jaboneselabra.com\/wp-content\/uploads\/2022\/09\/Abra-Clor-25kg.jpg","width":600,"height":600},{"@type":"BreadcrumbList","@id":"https:\/\/jaboneselabra.com\/fr\/producto\/abra-clor\/#breadcrumb","itemListElement":[{"@type":"ListItem","position":1,"name":"Portada","item":"https:\/\/jaboneselabra.com\/fr\/"},{"@type":"ListItem","position":2,"name":"Boutique","item":"https:\/\/jaboneselabra.com\/fr\/boutique\/"},{"@type":"ListItem","position":3,"name":"Abra Clor"}]},{"@type":"WebSite","@id":"https:\/\/jaboneselabra.com\/fr\/#website","url":"https:\/\/jaboneselabra.com\/fr\/","name":"Jabones El Abra","description":"Jabones Industriales","publisher":{"@id":"https:\/\/jaboneselabra.com\/fr\/#organization"},"potentialAction":[{"@type":"SearchAction","target":{"@type":"EntryPoint","urlTemplate":"https:\/\/jaboneselabra.com\/fr\/?s={search_term_string}"},"query-input":{"@type":"PropertyValueSpecification","valueRequired":true,"valueName":"search_term_string"}}],"inLanguage":"fr-FR"},{"@type":"Organization","@id":"https:\/\/jaboneselabra.com\/fr\/#organization","name":"El Abra","url":"https:\/\/jaboneselabra.com\/fr\/","logo":{"@type":"ImageObject","inLanguage":"fr-FR","@id":"https:\/\/jaboneselabra.com\/fr\/#\/schema\/logo\/image\/","url":"https:\/\/jaboneselabra.com\/wp-content\/uploads\/2022\/09\/El-Abra-logo.png","contentUrl":"https:\/\/jaboneselabra.com\/wp-content\/uploads\/2022\/09\/El-Abra-logo.png","width":576,"height":205,"caption":"El Abra"},"image":{"@id":"https:\/\/jaboneselabra.com\/fr\/#\/schema\/logo\/image\/"},"sameAs":["https:\/\/www.linkedin.com\/company\/jabones-el-abra\/"]}]}},"_links":{"self":[{"href":"https:\/\/jaboneselabra.com\/fr\/wp-json\/wp\/v2\/product\/987499009","targetHints":{"allow":["GET"]}}],"collection":[{"href":"https:\/\/jaboneselabra.com\/fr\/wp-json\/wp\/v2\/product"}],"about":[{"href":"https:\/\/jaboneselabra.com\/fr\/wp-json\/wp\/v2\/types\/product"}],"replies":[{"embeddable":true,"href":"https:\/\/jaboneselabra.com\/fr\/wp-json\/wp\/v2\/comments?post=987499009"}],"wp:featuredmedia":[{"embeddable":true,"href":"https:\/\/jaboneselabra.com\/fr\/wp-json\/wp\/v2\/media\/987498306"}],"wp:attachment":[{"href":"https:\/\/jaboneselabra.com\/fr\/wp-json\/wp\/v2\/media?parent=987499009"}],"wp:term":[{"taxonomy":"product_brand","embeddable":true,"href":"https:\/\/jaboneselabra.com\/fr\/wp-json\/wp\/v2\/product_brand?post=987499009"},{"taxonomy":"product_cat","embeddable":true,"href":"https:\/\/jaboneselabra.com\/fr\/wp-json\/wp\/v2\/product_cat?post=987499009"},{"taxonomy":"product_tag","embeddable":true,"href":"https:\/\/jaboneselabra.com\/fr\/wp-json\/wp\/v2\/product_tag?post=987499009"}],"curies":[{"name":"wp","href":"https:\/\/api.w.org\/{rel}","templated":true}]}}